{"id":25151,"date":"2019-05-14T11:48:41","date_gmt":"2019-05-14T09:48:41","guid":{"rendered":"http:\/\/www.airfluidservice.it\/?page_id=25151"},"modified":"2019-05-14T11:54:19","modified_gmt":"2019-05-14T09:54:19","slug":"compr-ir-serie-nirvana37-160","status":"publish","type":"page","link":"https:\/\/www.airfluidservice.it\/index.php\/compr-ir-serie-nirvana37-160\/","title":{"rendered":"Compressori IR Serie Nirvana 37\/160"},"content":{"rendered":"<p>[et_pb_section fb_built=&#8221;1&#8243; admin_label=&#8221;Sezione&#8221; _builder_version=&#8221;3.22.3&#8243; custom_padding=&#8221;21px||31px|||&#8221;][et_pb_row admin_label=&#8221;Riga&#8221; _builder_version=&#8221;3.22.3&#8243; background_size=&#8221;initial&#8221; background_position=&#8221;top_left&#8221; background_repeat=&#8221;repeat&#8221;][et_pb_column type=&#8221;1_2&#8243; _builder_version=&#8221;3.0.47&#8243;][et_pb_divider show_divider=&#8221;off&#8221; disabled_on=&#8221;on|on|off&#8221; admin_label=&#8221;Divider&#8221; _builder_version=&#8221;3.2&#8243; height=&#8221;10&#8243; custom_margin=&#8221;||1px|||&#8221;] [\/et_pb_divider][et_pb_text admin_label=&#8221;Testo&#8221; _builder_version=&#8221;3.22.7&#8243; background_size=&#8221;initial&#8221; background_position=&#8221;top_left&#8221; background_repeat=&#8221;repeat&#8221;]<\/p>\n<h1 style=\"text-align: left;\"><strong><span style=\"color: #808080;\">SERIE NIRVANA 37\/160<\/span><\/strong><\/h1>\n<p>[\/et_pb_text][\/et_pb_column][et_pb_column type=&#8221;1_2&#8243; _builder_version=&#8221;3.0.47&#8243;][\/et_pb_column][\/et_pb_row][\/et_pb_section][et_pb_section fb_built=&#8221;1&#8243; specialty=&#8221;on&#8221; custom_padding_last_edited=&#8221;on|desktop&#8221; parallax_method_1=&#8221;off&#8221; parallax_method_2=&#8221;off&#8221; admin_label=&#8221;Sezione&#8221; _builder_version=&#8221;3.22.7&#8243; custom_padding=&#8221;18px|||||&#8221; custom_padding_tablet=&#8221;50px|0|50px|0&#8243; padding_mobile=&#8221;off&#8221;][et_pb_column type=&#8221;3_4&#8243; specialty_columns=&#8221;3&#8243; _builder_version=&#8221;3.0.47&#8243;][et_pb_row_inner _builder_version=&#8221;3.22.7&#8243;][et_pb_column_inner type=&#8221;1_2&#8243; saved_specialty_column_type=&#8221;3_4&#8243; _builder_version=&#8221;3.0.47&#8243;][et_pb_image src=&#8221;https:\/\/www.airfluidservice.it\/wp-content\/uploads\/2019\/05\/img_afs_compressori-Nirvana-OilFree.png&#8221; _builder_version=&#8221;3.22.7&#8243;][\/et_pb_image][et_pb_button button_url=&#8221;https:\/\/www.airfluidservice.it\/download\/brochure_compr-ir-serie-nirvana37-160.pdf&#8221; button_text=&#8221;Scarica il depliant&#8221; button_alignment=&#8221;center&#8221; _builder_version=&#8221;3.22.7&#8243; custom_button=&#8221;on&#8221; button_text_color=&#8221;#ffffff&#8221; button_bg_color=&#8221;#a3a3a3&#8243; button_font=&#8221;Montserrat|||||on|||&#8221; button_text_shadow_style=&#8221;preset1&#8243;][\/et_pb_button][et_pb_button button_url=&#8221;https:\/\/www.airfluidservice.it\/index.php\/contatti\/&#8221; button_text=&#8221;Chiedi Informazioni&#8221; button_alignment=&#8221;center&#8221; _builder_version=&#8221;3.22.7&#8243; custom_button=&#8221;on&#8221; button_text_color=&#8221;#ffffff&#8221; button_bg_color=&#8221;#0c71c3&#8243; button_font=&#8221;Montserrat|||||on|||&#8221; button_text_shadow_style=&#8221;preset1&#8243;][\/et_pb_button][\/et_pb_column_inner][et_pb_column_inner type=&#8221;1_2&#8243; saved_specialty_column_type=&#8221;3_4&#8243; _builder_version=&#8221;3.0.47&#8243;][et_pb_text _builder_version=&#8221;3.22.7&#8243;]<\/p>\n<p style=\"text-align: justify;\">I compressori d&#8217;aria oil-free <strong>Nirvana<\/strong>, accoppiati a un invertitore a velocit\u00e0 variabile e a un motore hybrid permanent magnet (<strong>HPM\u00ae<\/strong>), garantiscono un&#8217;efficienza energetica senza pari a tutte le velocit\u00e0, oltre ad una straordinaria affidabilit\u00e0. <strong>Forniscono aria oil-free al 100% certificata in classe 0 ISO 8573-1:2010 per le applicazioni pi\u00f9 critiche. <\/strong><\/p>\n<p style=\"text-align: justify;\">Senza cuscinetti, pulegge, cinghie, raccordi o guarnizioni dell&#8217;albero motore che si possano usurare, presentare perdite o necessitare di sostituzione. Nirvana <strong>riduce i costi di funzionamento<\/strong> grazie alla la sua efficienza dinamica: una tecnologia veramente <strong>innovativa<\/strong>!<\/p>\n<p style=\"text-align: justify;\"><strong><\/strong><\/p>\n<p style=\"text-align: justify;\"><strong><\/strong><\/p>\n<ul>\n<li style=\"text-align: justify;\"><strong>Aria oil-free al 100%<\/strong>: Soddisfa i requisiti previsti dalla norma ISO 8573-1:2001. La classe 0 specifica gli standard di qualit\u00e0 dell&#8217;aria per i processi all&#8217;interno delle industrie alimentari e delle bevande, farmaceutiche, tessili ed elettroniche<\/li>\n<li style=\"text-align: justify;\"><strong>Costi energetici ridotti<\/strong>: La combinazione del funzionamento a velocit\u00e0 variabile e del motore HPM\u00ae Nirvana, insieme ad un controller di sistema all&#8217;avanguardia, garantisce prestazioni ultra-efficienti<\/li>\n<li style=\"text-align: justify;\"><strong>Maggiore affidabilit\u00e0<\/strong>: Componenti in acciaio inossidabile, guarnizioni a doppia tenuta e rotori di precisione lavorati con protezione avanzata UltraCoat assicurano un funzionamento senza problemi<\/li>\n<li style=\"text-align: justify;\"><strong>Sostituzione del lubrificante ridotta<\/strong>: Il leader del settore Ultra Coolant fornisce fino a 8.000 ore di lubrificazione, 8 volte la durata dei lubrificanti tradizionali<\/li>\n<li style=\"text-align: justify;\"><strong>Funzionamento a temperatura ambiente elevata:<\/strong> componenti a lunga durata sono progettati per resistere una temperatura ambiente massima di 46 \u00ba<\/li>\n<\/ul>\n<p>[\/et_pb_text][\/et_pb_column_inner][\/et_pb_row_inner][\/et_pb_column][et_pb_column type=&#8221;1_4&#8243; _builder_version=&#8221;3.0.47&#8243;][et_pb_accordion open_toggle_text_color=&#8221;#0c71c3&#8243; _builder_version=&#8221;3.22.7&#8243; body_font=&#8221;|||||on|||&#8221; toggle_font=&#8221;Montserrat|||||on|||&#8221; toggle_font_size=&#8221;13px&#8221; toggle_font_size_last_edited=&#8221;on|desktop&#8221; global_module=&#8221;25051&#8243; saved_tabs=&#8221;all&#8221;][et_pb_accordion_item title=&#8221;COMPRESSORI A VITE LUBRIFICATI&#8221; open=&#8221;off&#8221; _builder_version=&#8221;3.22.7&#8243; title_text_shadow_horizontal_length=&#8221;0em&#8221; title_text_shadow_vertical_length=&#8221;0em&#8221; title_text_shadow_blur_strength=&#8221;0em&#8221; body_text_shadow_horizontal_length=&#8221;0em&#8221; body_text_shadow_vertical_length=&#8221;0em&#8221; body_text_shadow_blur_strength=&#8221;0em&#8221;]<\/p>\n<h6><a href=\"https:\/\/www.airfluidservice.it\/index.php\/compr-ir-serie-r4-11\">Serie R4\/11<\/a><\/h6>\n<h6><a href=\"https:\/\/www.airfluidservice.it\/index.php\/compr-ir-serie-up5\">Serie UP5<\/a><\/h6>\n<h6><a href=\"https:\/\/www.airfluidservice.it\/index.php\/compr-ir-serie-nirvana\">Serie Nirvana<\/a><\/h6>\n<h6><a href=\"https:\/\/www.airfluidservice.it\/index.php\/compr-ir-serie-rs30-37\">Serie RS30\/37<\/a><\/h6>\n<h6><a href=\"https:\/\/www.airfluidservice.it\/index.php\/compr-ir-serie-r55-75\">Serie R55\/75<\/a><\/h6>\n<h6><a href=\"https:\/\/www.airfluidservice.it\/index.php\/compr-ir-serie-r90-160\">Serie R90\/160<\/a><\/h6>\n<h6><a href=\"https:\/\/www.airfluidservice.it\/index.php\/compr-ir-serie-r200-250\">Serie R200\/250<\/a><\/h6>\n<p>[\/et_pb_accordion_item][et_pb_accordion_item title=&#8221;COMPRESSORI A VITE OIL-FREE&#8221; open=&#8221;on&#8221; _builder_version=&#8221;3.22.7&#8243; title_text_shadow_horizontal_length=&#8221;0em&#8221; title_text_shadow_vertical_length=&#8221;0em&#8221; title_text_shadow_blur_strength=&#8221;0em&#8221; body_text_shadow_horizontal_length=&#8221;0em&#8221; body_text_shadow_vertical_length=&#8221;0em&#8221; body_text_shadow_blur_strength=&#8221;0em&#8221;]<\/p>\n<h6><a href=\"https:\/\/www.airfluidservice.it\/index.php\/compr-ir-serie-nirvana37-160\">Nirvana 37\/160<\/a><\/h6>\n<h6><a href=\"https:\/\/www.airfluidservice.it\/index.php\/compr-ir-serie-r200-250\">Sierra<\/a><\/h6>\n<p>[\/et_pb_accordion_item][et_pb_accordion_item title=&#8221;COMPRESSORI A PISTONI&#8221; open=&#8221;off&#8221; open_toggle_text_color=&#8221;#0c71c3&#8243; _builder_version=&#8221;3.22.7&#8243; title_text_shadow_horizontal_length=&#8221;0em&#8221; title_text_shadow_vertical_length=&#8221;0em&#8221; title_text_shadow_blur_strength=&#8221;0em&#8221; body_text_shadow_horizontal_length=&#8221;0em&#8221; body_text_shadow_vertical_length=&#8221;0em&#8221; body_text_shadow_blur_strength=&#8221;0em&#8221; text_orientation=&#8221;left&#8221;]<\/p>\n<h6><a href=\"https:\/\/www.airfluidservice.it\/index.php\/compressori-pistoni\">Compressori a pistoni<\/a><\/h6>\n<p>[\/et_pb_accordion_item][\/et_pb_accordion][\/et_pb_column][\/et_pb_section][et_pb_section fb_built=&#8221;1&#8243; custom_padding_last_edited=&#8221;on|desktop&#8221; disabled_on=&#8221;off|off|off&#8221; admin_label=&#8221;Section&#8221; _builder_version=&#8221;3.22.3&#8243; background_color=&#8221;#f7f8fa&#8221; custom_padding_tablet=&#8221;50px|0|50px|0&#8243; custom_css_main_element=&#8221;border-bottom: 1px solid #D7DCE1;&#8221; transparent_background=&#8221;off&#8221; padding_mobile=&#8221;off&#8221; make_fullwidth=&#8221;off&#8221; use_custom_width=&#8221;off&#8221; width_unit=&#8221;on&#8221;][et_pb_row custom_padding=&#8221;20px||40px|&#8221; custom_padding_phone=&#8221;0px|||&#8221; padding_mobile=&#8221;on&#8221; column_padding_mobile=&#8221;on&#8221; custom_padding_last_edited=&#8221;on|desktop&#8221; parallax_method_1=&#8221;off&#8221; parallax_method_2=&#8221;off&#8221; parallax_method_3=&#8221;off&#8221; admin_label=&#8221;Row&#8221; _builder_version=&#8221;3.22.3&#8243; background_size=&#8221;initial&#8221; background_position=&#8221;top_left&#8221; background_repeat=&#8221;repeat&#8221; make_fullwidth=&#8221;off&#8221; use_custom_width=&#8221;off&#8221; width_unit=&#8221;on&#8221;][et_pb_column type=&#8221;1_3&#8243; _builder_version=&#8221;3.0.47&#8243;][et_pb_text admin_label=&#8221;Find quick&#8221; _builder_version=&#8221;3.22.7&#8243; text_font=&#8221;Roboto||||&#8221; text_text_color=&#8221;#262e32&#8243; text_font_size=&#8221;24&#8243; text_line_height=&#8221;1.2em&#8221; background_size=&#8221;initial&#8221; background_position=&#8221;top_left&#8221; background_repeat=&#8221;repeat&#8221; custom_margin=&#8221;24px||0px|&#8221; custom_css_main_element=&#8221;font-weight: 400;&#8221; use_border_color=&#8221;off&#8221; border_color=&#8221;#ffffff&#8221; border_style=&#8221;solid&#8221;]<\/p>\n<p style=\"text-align: justify;\"><img loading=\"lazy\" decoding=\"async\" style=\"float: left; margin: -5px 15px 2px 0px;\" class=\"size-full wp-image-4662\" src=\"https:\/\/www.airfluidservice.it\/wp-content\/uploads\/2017\/06\/032-1.png\" alt=\"03\" width=\"40\" height=\"40\" \/>Prevenzione<\/p>\n<p>[\/et_pb_text][et_pb_text admin_label=&#8221;Text&#8221; _builder_version=&#8221;3.22.7&#8243; text_font=&#8221;Roboto||||&#8221; text_text_color=&#8221;#5b666d&#8221; text_font_size=&#8221;18&#8243; text_line_height=&#8221;1.5em&#8221; background_size=&#8221;initial&#8221; background_position=&#8221;top_left&#8221; background_repeat=&#8221;repeat&#8221; border_color_right=&#8221;#a5a5a5&#8243; custom_margin=&#8221;20px|||&#8221; custom_css_main_element=&#8221;font-weight: 400;&#8221; use_border_color=&#8221;off&#8221; border_color=&#8221;#ffffff&#8221; border_style=&#8221;solid&#8221;]<\/p>\n<p style=\"text-align: left;\">Manutenzione programmata per evitare il fermo macchine del tuo impianto<\/p>\n<p>[\/et_pb_text][\/et_pb_column][et_pb_column type=&#8221;1_3&#8243; _builder_version=&#8221;3.0.47&#8243;][et_pb_text admin_label=&#8221;Find quick&#8221; _builder_version=&#8221;3.22.7&#8243; text_font=&#8221;Roboto||||&#8221; text_text_color=&#8221;#262e32&#8243; text_font_size=&#8221;24&#8243; text_line_height=&#8221;1.2em&#8221; background_size=&#8221;initial&#8221; background_position=&#8221;top_left&#8221; background_repeat=&#8221;repeat&#8221; custom_margin=&#8221;24px||0px|&#8221; custom_css_main_element=&#8221;font-weight: 400;&#8221; use_border_color=&#8221;off&#8221; border_color=&#8221;#ffffff&#8221; border_style=&#8221;solid&#8221;]<\/p>\n<p><img loading=\"lazy\" decoding=\"async\" style=\"float: left; margin: -5px 15px 2px 0px;\" class=\"size-full wp-image-4662\" src=\"https:\/\/www.airfluidservice.it\/wp-content\/uploads\/2017\/06\/032-1.png\" alt=\"03\" width=\"40\" height=\"40\" \/>Professionalit\u00e0<\/p>\n<p>[\/et_pb_text][et_pb_text admin_label=&#8221;Text&#8221; _builder_version=&#8221;3.22.7&#8243; text_font=&#8221;Roboto||||&#8221; text_text_color=&#8221;#5b666d&#8221; text_font_size=&#8221;18&#8243; text_line_height=&#8221;1.5em&#8221; background_size=&#8221;initial&#8221; background_position=&#8221;top_left&#8221; background_repeat=&#8221;repeat&#8221; border_color_right=&#8221;#a5a5a5&#8243; custom_margin=&#8221;20px|||&#8221; custom_css_main_element=&#8221;font-weight: 400;&#8221; use_border_color=&#8221;off&#8221; border_color=&#8221;#ffffff&#8221; border_style=&#8221;solid&#8221;]<\/p>\n<p style=\"text-align: left;\">Personale tecnico preparato e sempre aggiornato<\/p>\n<p style=\"text-align: left;\">[\/et_pb_text][\/et_pb_column][et_pb_column type=&#8221;1_3&#8243; _builder_version=&#8221;3.0.47&#8243;][et_pb_text admin_label=&#8221;Make it amazing&#8221; _builder_version=&#8221;3.22.7&#8243; text_font=&#8221;Roboto||||&#8221; text_text_color=&#8221;#262e32&#8243; text_font_size=&#8221;24&#8243; text_line_height=&#8221;1.2em&#8221; background_size=&#8221;initial&#8221; background_position=&#8221;top_left&#8221; background_repeat=&#8221;repeat&#8221; custom_margin=&#8221;24px||0px|&#8221; custom_css_main_element=&#8221;font-weight: 400;&#8221; use_border_color=&#8221;off&#8221; border_color=&#8221;#ffffff&#8221; border_style=&#8221;solid&#8221;]<\/p>\n<p><img loading=\"lazy\" decoding=\"async\" style=\"float: left; margin: -5px 15px 2px 0px;\" class=\"size-full wp-image-4662\" src=\"https:\/\/www.airfluidservice.it\/wp-content\/uploads\/2017\/06\/032-1.png\" alt=\"03\" width=\"40\" height=\"40\" \/>Rapidit\u00e0<\/p>\n<p>[\/et_pb_text][et_pb_text admin_label=&#8221;Text&#8221; _builder_version=&#8221;3.22.7&#8243; text_font=&#8221;Roboto||||&#8221; text_text_color=&#8221;#5b666d&#8221; text_font_size=&#8221;18&#8243; text_line_height=&#8221;1.5em&#8221; background_size=&#8221;initial&#8221; background_position=&#8221;top_left&#8221; background_repeat=&#8221;repeat&#8221; custom_margin=&#8221;20px|||&#8221; custom_css_main_element=&#8221;font-weight: 400;&#8221; use_border_color=&#8221;off&#8221; border_color=&#8221;#ffffff&#8221; border_style=&#8221;solid&#8221;]<\/p>\n<p style=\"text-align: left;\">Interventi eseguiti in breve tempo e, se possibile, anche immediati<\/p>\n<p>[\/et_pb_text][\/et_pb_column][\/et_pb_row][\/et_pb_section][et_pb_section fb_built=&#8221;1&#8243; fullwidth=&#8221;on&#8221; custom_padding_last_edited=&#8221;on|desktop&#8221; admin_label=&#8221;Sezione&#8221; _builder_version=&#8221;3.22.3&#8243; background_color=&#8221;#777777&#8243; custom_padding_tablet=&#8221;50px|0|50px|0&#8243; padding_mobile=&#8221;off&#8221;][et_pb_fullwidth_header content_max_width=&#8221;none&#8221; admin_label=&#8221;Intestazione a Larghezza Piena&#8221; _builder_version=&#8221;3.16&#8243; background_color=&#8221;rgba(255, 255, 255, 0)&#8221; button_one_text_size__hover_enabled=&#8221;off&#8221; button_two_text_size__hover_enabled=&#8221;off&#8221; button_one_text_color__hover_enabled=&#8221;off&#8221; button_two_text_color__hover_enabled=&#8221;off&#8221; button_one_border_width__hover_enabled=&#8221;off&#8221; button_two_border_width__hover_enabled=&#8221;off&#8221; button_one_border_color__hover_enabled=&#8221;off&#8221; button_two_border_color__hover_enabled=&#8221;off&#8221; button_one_border_radius__hover_enabled=&#8221;off&#8221; button_two_border_radius__hover_enabled=&#8221;off&#8221; button_one_letter_spacing__hover_enabled=&#8221;off&#8221; button_two_letter_spacing__hover_enabled=&#8221;off&#8221; button_one_bg_color__hover_enabled=&#8221;off&#8221; button_two_bg_color__hover_enabled=&#8221;off&#8221;]<\/p>\n<h4><strong>AIR FLUID SERVICE s.r.l.<\/strong><br \/>\nS.S. 554 Km. 4,200<br \/>\n09047 Selargius<br \/>\n<strong>tel. 070.21.10.021<\/strong><\/h4>\n<h5><strong>airfluidservice@gmail.com<\/strong><br \/>\n<small><span style=\"font-size: small;\">P.IVA 03566900928<\/span><\/small><\/h5>\n<p>[\/et_pb_fullwidth_header][\/et_pb_section]<\/p>\n","protected":false},"excerpt":{"rendered":"<p>SERIE NIRVANA 37\/160 I compressori d&#8217;aria oil-free Nirvana, accoppiati a un invertitore a velocit\u00e0 variabile e a un motore hybrid permanent magnet (HPM\u00ae), garantiscono un&#8217;efficienza energetica senza pari a tutte le velocit\u00e0, oltre ad una straordinaria affidabilit\u00e0. Forniscono aria oil-free al 100% certificata in classe 0 ISO 8573-1:2010 per le applicazioni pi\u00f9 critiche. Senza cuscinetti, [&hellip;]<\/p>\n","protected":false},"author":1,"featured_media":0,"parent":0,"menu_order":0,"comment_status":"closed","ping_status":"closed","template":"","meta":{"_et_pb_use_builder":"on","_et_pb_old_content":"","_et_gb_content_width":"","footnotes":""},"yoast_head":"<!-- This site is optimized with the Yoast SEO plugin v22.7 - https:\/\/yoast.com\/wordpress\/plugins\/seo\/ -->\r\n<title>Compressori IR Serie Nirvana 37\/160 - www.airfluidservice.it<\/title>\r\n<meta name=\"robots\" content=\"index, follow, max-snippet:-1, max-image-preview:large, max-video-preview:-1\" \/>\r\n<link rel=\"canonical\" href=\"https:\/\/www.airfluidservice.it\/index.php\/compr-ir-serie-nirvana37-160\/\" \/>\r\n<meta property=\"og:locale\" content=\"it_IT\" \/>\r\n<meta property=\"og:type\" content=\"article\" \/>\r\n<meta property=\"og:title\" content=\"Compressori IR Serie Nirvana 37\/160 - www.airfluidservice.it\" \/>\r\n<meta property=\"og:description\" content=\"SERIE NIRVANA 37\/160 I compressori d&#039;aria oil-free Nirvana, accoppiati a un invertitore a velocit\u00e0 variabile e a un motore hybrid permanent magnet (HPM\u00ae), garantiscono un&#039;efficienza energetica senza pari a tutte le velocit\u00e0, oltre ad una straordinaria affidabilit\u00e0. Forniscono aria oil-free al 100% certificata in classe 0 ISO 8573-1:2010 per le applicazioni pi\u00f9 critiche. Senza cuscinetti, [&hellip;]\" \/>\r\n<meta property=\"og:url\" content=\"https:\/\/www.airfluidservice.it\/index.php\/compr-ir-serie-nirvana37-160\/\" \/>\r\n<meta property=\"og:site_name\" content=\"www.airfluidservice.it\" \/>\r\n<meta property=\"article:modified_time\" content=\"2019-05-14T09:54:19+00:00\" \/>\r\n<meta property=\"og:image\" content=\"http:\/\/www.airfluidservice.it\/wp-content\/uploads\/2017\/06\/032-1.png\" \/>\r\n<meta name=\"twitter:card\" content=\"summary_large_image\" \/>\r\n<meta name=\"twitter:label1\" content=\"Tempo di lettura stimato\" \/>\n\t<meta name=\"twitter:data1\" content=\"7 minuti\" \/>\r\n<script type=\"application\/ld+json\" class=\"yoast-schema-graph\">{\"@context\":\"https:\/\/schema.org\",\"@graph\":[{\"@type\":\"WebPage\",\"@id\":\"https:\/\/www.airfluidservice.it\/index.php\/compr-ir-serie-nirvana37-160\/\",\"url\":\"https:\/\/www.airfluidservice.it\/index.php\/compr-ir-serie-nirvana37-160\/\",\"name\":\"Compressori IR Serie Nirvana 37\/160 - www.airfluidservice.it\",\"isPartOf\":{\"@id\":\"https:\/\/www.airfluidservice.it\/#website\"},\"primaryImageOfPage\":{\"@id\":\"https:\/\/www.airfluidservice.it\/index.php\/compr-ir-serie-nirvana37-160\/#primaryimage\"},\"image\":{\"@id\":\"https:\/\/www.airfluidservice.it\/index.php\/compr-ir-serie-nirvana37-160\/#primaryimage\"},\"thumbnailUrl\":\"http:\/\/www.airfluidservice.it\/wp-content\/uploads\/2017\/06\/032-1.png\",\"datePublished\":\"2019-05-14T09:48:41+00:00\",\"dateModified\":\"2019-05-14T09:54:19+00:00\",\"breadcrumb\":{\"@id\":\"https:\/\/www.airfluidservice.it\/index.php\/compr-ir-serie-nirvana37-160\/#breadcrumb\"},\"inLanguage\":\"it-IT\",\"potentialAction\":[{\"@type\":\"ReadAction\",\"target\":[\"https:\/\/www.airfluidservice.it\/index.php\/compr-ir-serie-nirvana37-160\/\"]}]},{\"@type\":\"ImageObject\",\"inLanguage\":\"it-IT\",\"@id\":\"https:\/\/www.airfluidservice.it\/index.php\/compr-ir-serie-nirvana37-160\/#primaryimage\",\"url\":\"http:\/\/www.airfluidservice.it\/wp-content\/uploads\/2017\/06\/032-1.png\",\"contentUrl\":\"http:\/\/www.airfluidservice.it\/wp-content\/uploads\/2017\/06\/032-1.png\"},{\"@type\":\"BreadcrumbList\",\"@id\":\"https:\/\/www.airfluidservice.it\/index.php\/compr-ir-serie-nirvana37-160\/#breadcrumb\",\"itemListElement\":[{\"@type\":\"ListItem\",\"position\":1,\"name\":\"Home\",\"item\":\"https:\/\/www.airfluidservice.it\/\"},{\"@type\":\"ListItem\",\"position\":2,\"name\":\"Compressori IR Serie Nirvana 37\/160\"}]},{\"@type\":\"WebSite\",\"@id\":\"https:\/\/www.airfluidservice.it\/#website\",\"url\":\"https:\/\/www.airfluidservice.it\/\",\"name\":\"www.airfluidservice.it\",\"description\":\"Usiamo l\u2019aria per trasmettere il movimento\",\"publisher\":{\"@id\":\"https:\/\/www.airfluidservice.it\/#organization\"},\"potentialAction\":[{\"@type\":\"SearchAction\",\"target\":{\"@type\":\"EntryPoint\",\"urlTemplate\":\"https:\/\/www.airfluidservice.it\/?s={search_term_string}\"},\"query-input\":\"required name=search_term_string\"}],\"inLanguage\":\"it-IT\"},{\"@type\":\"Organization\",\"@id\":\"https:\/\/www.airfluidservice.it\/#organization\",\"name\":\"www.airfluidservice.it\",\"url\":\"https:\/\/www.airfluidservice.it\/\",\"logo\":{\"@type\":\"ImageObject\",\"inLanguage\":\"it-IT\",\"@id\":\"https:\/\/www.airfluidservice.it\/#\/schema\/logo\/image\/\",\"url\":\"https:\/\/www.airfluidservice.it\/wp-content\/uploads\/2017\/07\/cropped-NewLogo525_afs.png\",\"contentUrl\":\"https:\/\/www.airfluidservice.it\/wp-content\/uploads\/2017\/07\/cropped-NewLogo525_afs.png\",\"width\":512,\"height\":512,\"caption\":\"www.airfluidservice.it\"},\"image\":{\"@id\":\"https:\/\/www.airfluidservice.it\/#\/schema\/logo\/image\/\"}}]}<\/script>\r\n<!-- \/ Yoast SEO plugin. -->","yoast_head_json":{"title":"Compressori IR Serie Nirvana 37\/160 - www.airfluidservice.it","robots":{"index":"index","follow":"follow","max-snippet":"max-snippet:-1","max-image-preview":"max-image-preview:large","max-video-preview":"max-video-preview:-1"},"canonical":"https:\/\/www.airfluidservice.it\/index.php\/compr-ir-serie-nirvana37-160\/","og_locale":"it_IT","og_type":"article","og_title":"Compressori IR Serie Nirvana 37\/160 - www.airfluidservice.it","og_description":"SERIE NIRVANA 37\/160 I compressori d'aria oil-free Nirvana, accoppiati a un invertitore a velocit\u00e0 variabile e a un motore hybrid permanent magnet (HPM\u00ae), garantiscono un'efficienza energetica senza pari a tutte le velocit\u00e0, oltre ad una straordinaria affidabilit\u00e0. Forniscono aria oil-free al 100% certificata in classe 0 ISO 8573-1:2010 per le applicazioni pi\u00f9 critiche. Senza cuscinetti, [&hellip;]","og_url":"https:\/\/www.airfluidservice.it\/index.php\/compr-ir-serie-nirvana37-160\/","og_site_name":"www.airfluidservice.it","article_modified_time":"2019-05-14T09:54:19+00:00","og_image":[{"url":"http:\/\/www.airfluidservice.it\/wp-content\/uploads\/2017\/06\/032-1.png"}],"twitter_card":"summary_large_image","twitter_misc":{"Tempo di lettura stimato":"7 minuti"},"schema":{"@context":"https:\/\/schema.org","@graph":[{"@type":"WebPage","@id":"https:\/\/www.airfluidservice.it\/index.php\/compr-ir-serie-nirvana37-160\/","url":"https:\/\/www.airfluidservice.it\/index.php\/compr-ir-serie-nirvana37-160\/","name":"Compressori IR Serie Nirvana 37\/160 - www.airfluidservice.it","isPartOf":{"@id":"https:\/\/www.airfluidservice.it\/#website"},"primaryImageOfPage":{"@id":"https:\/\/www.airfluidservice.it\/index.php\/compr-ir-serie-nirvana37-160\/#primaryimage"},"image":{"@id":"https:\/\/www.airfluidservice.it\/index.php\/compr-ir-serie-nirvana37-160\/#primaryimage"},"thumbnailUrl":"http:\/\/www.airfluidservice.it\/wp-content\/uploads\/2017\/06\/032-1.png","datePublished":"2019-05-14T09:48:41+00:00","dateModified":"2019-05-14T09:54:19+00:00","breadcrumb":{"@id":"https:\/\/www.airfluidservice.it\/index.php\/compr-ir-serie-nirvana37-160\/#breadcrumb"},"inLanguage":"it-IT","potentialAction":[{"@type":"ReadAction","target":["https:\/\/www.airfluidservice.it\/index.php\/compr-ir-serie-nirvana37-160\/"]}]},{"@type":"ImageObject","inLanguage":"it-IT","@id":"https:\/\/www.airfluidservice.it\/index.php\/compr-ir-serie-nirvana37-160\/#primaryimage","url":"http:\/\/www.airfluidservice.it\/wp-content\/uploads\/2017\/06\/032-1.png","contentUrl":"http:\/\/www.airfluidservice.it\/wp-content\/uploads\/2017\/06\/032-1.png"},{"@type":"BreadcrumbList","@id":"https:\/\/www.airfluidservice.it\/index.php\/compr-ir-serie-nirvana37-160\/#breadcrumb","itemListElement":[{"@type":"ListItem","position":1,"name":"Home","item":"https:\/\/www.airfluidservice.it\/"},{"@type":"ListItem","position":2,"name":"Compressori IR Serie Nirvana 37\/160"}]},{"@type":"WebSite","@id":"https:\/\/www.airfluidservice.it\/#website","url":"https:\/\/www.airfluidservice.it\/","name":"www.airfluidservice.it","description":"Usiamo l\u2019aria per trasmettere il movimento","publisher":{"@id":"https:\/\/www.airfluidservice.it\/#organization"},"potentialAction":[{"@type":"SearchAction","target":{"@type":"EntryPoint","urlTemplate":"https:\/\/www.airfluidservice.it\/?s={search_term_string}"},"query-input":"required name=search_term_string"}],"inLanguage":"it-IT"},{"@type":"Organization","@id":"https:\/\/www.airfluidservice.it\/#organization","name":"www.airfluidservice.it","url":"https:\/\/www.airfluidservice.it\/","logo":{"@type":"ImageObject","inLanguage":"it-IT","@id":"https:\/\/www.airfluidservice.it\/#\/schema\/logo\/image\/","url":"https:\/\/www.airfluidservice.it\/wp-content\/uploads\/2017\/07\/cropped-NewLogo525_afs.png","contentUrl":"https:\/\/www.airfluidservice.it\/wp-content\/uploads\/2017\/07\/cropped-NewLogo525_afs.png","width":512,"height":512,"caption":"www.airfluidservice.it"},"image":{"@id":"https:\/\/www.airfluidservice.it\/#\/schema\/logo\/image\/"}}]}},"_links":{"self":[{"href":"https:\/\/www.airfluidservice.it\/index.php\/wp-json\/wp\/v2\/pages\/25151"}],"collection":[{"href":"https:\/\/www.airfluidservice.it\/index.php\/wp-json\/wp\/v2\/pages"}],"about":[{"href":"https:\/\/www.airfluidservice.it\/index.php\/wp-json\/wp\/v2\/types\/page"}],"author":[{"embeddable":true,"href":"https:\/\/www.airfluidservice.it\/index.php\/wp-json\/wp\/v2\/users\/1"}],"replies":[{"embeddable":true,"href":"https:\/\/www.airfluidservice.it\/index.php\/wp-json\/wp\/v2\/comments?post=25151"}],"version-history":[{"count":4,"href":"https:\/\/www.airfluidservice.it\/index.php\/wp-json\/wp\/v2\/pages\/25151\/revisions"}],"predecessor-version":[{"id":25168,"href":"https:\/\/www.airfluidservice.it\/index.php\/wp-json\/wp\/v2\/pages\/25151\/revisions\/25168"}],"wp:attachment":[{"href":"https:\/\/www.airfluidservice.it\/index.php\/wp-json\/wp\/v2\/media?parent=25151"}],"curies":[{"name":"wp","href":"https:\/\/api.w.org\/{rel}","templated":true}]}}